{"id":4450,"date":"2021-06-15T07:57:48","date_gmt":"2021-06-15T07:57:48","guid":{"rendered":"https:\/\/nuss.uxper.co\/boutique-hotel\/?page_id=4450"},"modified":"2022-10-17T20:11:11","modified_gmt":"2022-10-17T20:11:11","slug":"nos-logements","status":"publish","type":"page","link":"https:\/\/lecedarcreek.com\/en\/nos-logements\/","title":{"rendered":"Our accommodations"},"content":{"rendered":"<div data-elementor-type=\"wp-page\" data-elementor-id=\"4450\" class=\"elementor elementor-4450\">\n\t\t\t\t\t\t<section class=\"elementor-section elementor-top-section elementor-element elementor-element-f93f298 elementor-section-boxed elementor-section-gap-beside-yes elementor-section-height-default elementor-section-height-default elementor-section-column-vertical-align-stretch\" data-id=\"f93f298\" data-element_type=\"section\">\n\t\t\t\t\t\t<div class=\"elementor-container elementor-column-gap-extended\">\n\t\t\t\t\t<div class=\"elementor-column elementor-col-100 elementor-top-column elementor-element elementor-element-3b72aee\" data-id=\"3b72aee\" data-element_type=\"column\">\n\t\t\t<div class=\"elementor-widget-wrap elementor-element-populated\">\n\t\t\t\t\t\t<div class=\"elementor-element elementor-element-74ef456 elementor-widget__width-initial elementor-invisible elementor-widget elementor-widget-text-editor\" data-id=\"74ef456\" data-element_type=\"widget\" data-settings=\"{&quot;_animation&quot;:&quot;nussFadeInUp&quot;}\" data-widget_type=\"text-editor.default\">\n\t\t\t\t<div class=\"elementor-widget-container\">\n\t\t\t\t\t\t\t\t\t<p>At Cedar Creek, the Little Train of the North is a private nature getaway located in the heart of Val Morin. In operation since 2001, Cedar Creek offers guests 4 different accommodations. The House, The Cottage, The GetAway and The Studio.<\/p>\t\t\t\t\t\t\t\t<\/div>\n\t\t\t\t<\/div>\n\t\t\t\t\t<\/div>\n\t\t<\/div>\n\t\t\t\t\t<\/div>\n\t\t<\/section>\n\t\t\t\t<section class=\"elementor-section elementor-top-section elementor-element elementor-element-92f4e08 elementor-section-boxed elementor-section-height-default elementor-section-height-default elementor-section-column-vertical-align-stretch\" data-id=\"92f4e08\" data-element_type=\"section\">\n\t\t\t\t\t\t<div class=\"elementor-container elementor-column-gap-no\">\n\t\t\t\t\t<div class=\"elementor-column elementor-col-100 elementor-top-column elementor-element elementor-element-376c8d1\" data-id=\"376c8d1\" data-element_type=\"column\">\n\t\t\t<div class=\"elementor-widget-wrap\">\n\t\t\t\t\t\t\t<\/div>\n\t\t<\/div>\n\t\t\t\t\t<\/div>\n\t\t<\/section>\n\t\t\t\t<\/div>","protected":false},"excerpt":{"rendered":"<p>Au ruisseau Cedar, le Petit Train du Nord est une escapade de nature priv\u00e9e situ\u00e9e au c\u0153ur du Val-Morin. En service depuis 2001, Cedar Creek offre \u00e0 ses clients 4 h\u00e9bergements diff\u00e9rents. The House, The Cottage, The GetAway et The Studio. $173 Per Night Le Domaine 7 beds 3 bathrooms Cedar Creek House, Petit Train [&hellip;]<\/p>","protected":false},"author":1,"featured_media":0,"parent":0,"menu_order":0,"comment_status":"closed","ping_status":"closed","template":"","meta":{"footnotes":""},"class_list":["post-4450","page","type-page","status-publish","hentry","post-no-thumbnail"],"_links":{"self":[{"href":"https:\/\/lecedarcreek.com\/en\/wp-json\/wp\/v2\/pages\/4450","targetHints":{"allow":["GET"]}}],"collection":[{"href":"https:\/\/lecedarcreek.com\/en\/wp-json\/wp\/v2\/pages"}],"about":[{"href":"https:\/\/lecedarcreek.com\/en\/wp-json\/wp\/v2\/types\/page"}],"author":[{"embeddable":true,"href":"https:\/\/lecedarcreek.com\/en\/wp-json\/wp\/v2\/users\/1"}],"replies":[{"embeddable":true,"href":"https:\/\/lecedarcreek.com\/en\/wp-json\/wp\/v2\/comments?post=4450"}],"version-history":[{"count":16,"href":"https:\/\/lecedarcreek.com\/en\/wp-json\/wp\/v2\/pages\/4450\/revisions"}],"predecessor-version":[{"id":6349,"href":"https:\/\/lecedarcreek.com\/en\/wp-json\/wp\/v2\/pages\/4450\/revisions\/6349"}],"wp:attachment":[{"href":"https:\/\/lecedarcreek.com\/en\/wp-json\/wp\/v2\/media?parent=4450"}],"curies":[{"name":"wp","href":"https:\/\/api.w.org\/{rel}","templated":true}]}}