{"id":9,"date":"2021-10-25T04:32:38","date_gmt":"2021-10-25T04:32:38","guid":{"rendered":"https:\/\/nuss.uxper.co\/lodge-forest\/?page_id=9"},"modified":"2022-09-25T20:02:43","modified_gmt":"2022-09-25T20:02:43","slug":"mentions-legales","status":"publish","type":"page","link":"https:\/\/lecedarcreek.com\/en\/mentions-legales\/","title":{"rendered":"Terms of use"},"content":{"rendered":"<p>The site is edited by Claudine Reeves, responsible for the publication and owner of the entire content (the Editor).<\/p>\n\n\n\n<p>lecedarcreek.com is a domain name operated by Claudine Reeves.<\/p>\n\n\n\n<p>The site was created by Nicolas Perpette \/ Digitalup Ltd.&nbsp;<br>nicolas.perpette@gmail.com<\/p>\n\n\n\n<p>The site is hosted by<br>Host: Web Hosting Canada<br>Adress : \u00a01030 Rue Beaubien Est, Bureau 103, Montreal, Quebec H2S 1T4<br>Website :&nbsp;<a href=\"https:\/\/whc.ca\/fr\">www.whc.ca\/fr<\/a><\/p>\n\n\n\n<p>All the elements used on the site are protected by the laws in force under the intellectual property.\u00a0 The site may contain hypertext links to other sites published by third parties.\u00a0 The Editor cannot be held responsible for the content of third-party sites that are contrary to the legal provisions.<\/p>","protected":false},"excerpt":{"rendered":"<p>Le site est \u00e9dit\u00e9 par Claudine Reeves, responsable de la publication et propri\u00e9taire de l\u2019int\u00e9gralit\u00e9 du contenu (l\u2019Editeur). lecedarcreek.com est un nom de domaine exploit\u00e9 par\u00a0Claudine Reeves. Le site a \u00e9t\u00e9 r\u00e9alis\u00e9 par Nicolas Perpette \/ Digitalup Ltd.&nbsp;nicolas.perpette@gmail.com Le site est h\u00e9berg\u00e9 parH\u00e9bergeur : H\u00e9bergement Web CanadaAdresse : &nbsp;1030 Rue Beaubien Est, Bureau 103, Montreal, [&hellip;]<\/p>","protected":false},"author":1,"featured_media":0,"parent":0,"menu_order":0,"comment_status":"closed","ping_status":"closed","template":"","meta":{"footnotes":""},"class_list":["post-9","page","type-page","status-publish","hentry","post-no-thumbnail"],"_links":{"self":[{"href":"https:\/\/lecedarcreek.com\/en\/wp-json\/wp\/v2\/pages\/9","targetHints":{"allow":["GET"]}}],"collection":[{"href":"https:\/\/lecedarcreek.com\/en\/wp-json\/wp\/v2\/pages"}],"about":[{"href":"https:\/\/lecedarcreek.com\/en\/wp-json\/wp\/v2\/types\/page"}],"author":[{"embeddable":true,"href":"https:\/\/lecedarcreek.com\/en\/wp-json\/wp\/v2\/users\/1"}],"replies":[{"embeddable":true,"href":"https:\/\/lecedarcreek.com\/en\/wp-json\/wp\/v2\/comments?post=9"}],"version-history":[{"count":3,"href":"https:\/\/lecedarcreek.com\/en\/wp-json\/wp\/v2\/pages\/9\/revisions"}],"predecessor-version":[{"id":5912,"href":"https:\/\/lecedarcreek.com\/en\/wp-json\/wp\/v2\/pages\/9\/revisions\/5912"}],"wp:attachment":[{"href":"https:\/\/lecedarcreek.com\/en\/wp-json\/wp\/v2\/media?parent=9"}],"curies":[{"name":"wp","href":"https:\/\/api.w.org\/{rel}","templated":true}]}}